{"id":439,"date":"2016-11-17T07:15:25","date_gmt":"2016-11-17T07:15:25","guid":{"rendered":"http:\/\/localhost\/architect\/?page_id=439"},"modified":"2025-01-11T20:23:04","modified_gmt":"2025-01-11T20:23:04","slug":"iletisim","status":"publish","type":"page","link":"https:\/\/uclerdekorasyon.com\/index.php\/iletisim\/","title":{"rendered":"\u0130leti\u015fim"},"content":{"rendered":"<div class=\"wpb-content-wrapper\"><p>[vc_row el_class=&#8221;padding&#8221;][vc_column width=&#8221;1\/2&#8243; css=&#8221;.vc_custom_1479367821216{padding-right: 30px !important;}&#8221;]\n  <h3 style=\"font-weight: 300;margin-bottom: 36px;\" > B\u0130ZE MESAJ G\u00d6NDER\u0130N, ARAYALIM<\/h3> \n\n\n<div class=\"wpcf7 no-js\" id=\"wpcf7-f443-o1\" lang=\"en-US\" dir=\"ltr\" data-wpcf7-id=\"443\">\n<div class=\"screen-reader-response\"><p role=\"status\" aria-live=\"polite\" aria-atomic=\"true\"><\/p> <ul><\/ul><\/div>\n<form action=\"\/index.php\/wp-json\/wp\/v2\/pages\/439#wpcf7-f443-o1\" method=\"post\" class=\"wpcf7-form init\" aria-label=\"Contact form\" novalidate=\"novalidate\" data-status=\"init\">\n<div style=\"display: none;\">\n<input type=\"hidden\" name=\"_wpcf7\" value=\"443\" \/>\n<input type=\"hidden\" name=\"_wpcf7_version\" value=\"6.0.6\" \/>\n<input type=\"hidden\" name=\"_wpcf7_locale\" value=\"en_US\" \/>\n<input type=\"hidden\" name=\"_wpcf7_unit_tag\" value=\"wpcf7-f443-o1\" \/>\n<input type=\"hidden\" name=\"_wpcf7_container_post\" value=\"0\" \/>\n<input type=\"hidden\" name=\"_wpcf7_posted_data_hash\" value=\"\" \/>\n<\/div>\n<div class=\"form-inline form-contact-arc\">\n\t<div class=\"row\">\n\t\t<div class=\"form-group col-sm-12 \">\n\t\t\t<p><span class=\"wpcf7-form-control-wrap\" data-name=\"yourName\"><input size=\"40\" maxlength=\"400\" class=\"wpcf7-form-control wpcf7-text wpcf7-validates-as-required form-control\" id=\"yourName\" aria-required=\"true\" aria-invalid=\"false\" placeholder=\"Ad\u0131n\u0131z\" value=\"\" type=\"text\" name=\"yourName\" \/><\/span>\n\t\t\t<\/p>\n\t\t<\/div>\n\t\t<div class=\"form-group col-sm-12\">\n\t\t\t<p><span class=\"wpcf7-form-control-wrap\" data-name=\"yourEmail\"><input size=\"40\" maxlength=\"400\" class=\"wpcf7-form-control wpcf7-email wpcf7-validates-as-required wpcf7-text wpcf7-validates-as-email form-control\" id=\"yourEmail\" aria-required=\"true\" aria-invalid=\"false\" placeholder=\"Mail\" value=\"\" type=\"email\" name=\"yourEmail\" \/><\/span>\n\t\t\t<\/p>\n\t\t<\/div>\n\t\t<div class=\"form-group col-sm-12\">\n\t\t\t<p><span class=\"wpcf7-form-control-wrap\" data-name=\"phoneNumber\"><input size=\"40\" maxlength=\"400\" class=\"wpcf7-form-control wpcf7-text wpcf7-validates-as-required form-control\" id=\"phoneNumber\" aria-required=\"true\" aria-invalid=\"false\" placeholder=\"Telefon\" value=\"\" type=\"text\" name=\"phoneNumber\" \/><\/span>\n\t\t\t<\/p>\n\t\t<\/div>\n\t<\/div>\n\t<div class=\"input-content\">\n\t\t<div class=\"form-group form-textarea\">\n\t\t\t<p><span class=\"wpcf7-form-control-wrap\" data-name=\"comments\"><textarea cols=\"40\" rows=\"6\" maxlength=\"2000\" class=\"wpcf7-form-control wpcf7-textarea wpcf7-validates-as-required form-control\" id=\"textarea\" aria-required=\"true\" aria-invalid=\"false\" placeholder=\"Mesaj\u0131n\u0131z\" name=\"comments\"><\/textarea><\/span>\n\t\t\t<\/p>\n\t\t<\/div>\n\t<\/div>\n\t<p><input class=\"wpcf7-form-control wpcf7-submit has-spinner ot-btn btn-main-color btn-long text-cap btn-submit\" type=\"submit\" value=\"Mail G\u00f6nder\" \/>\n\t<\/p>\n<\/div><p style=\"display: none !important;\" class=\"akismet-fields-container\" data-prefix=\"_wpcf7_ak_\"><label>&#916;<textarea name=\"_wpcf7_ak_hp_textarea\" cols=\"45\" rows=\"8\" maxlength=\"100\"><\/textarea><\/label><input type=\"hidden\" id=\"ak_js_1\" name=\"_wpcf7_ak_js\" value=\"2\"\/><script>document.getElementById( \"ak_js_1\" ).setAttribute( \"value\", ( new Date() ).getTime() );<\/script><\/p><div class=\"wpcf7-response-output\" aria-hidden=\"true\"><\/div>\n<\/form>\n<\/div>\n[\/vc_column][vc_column width=&#8221;1\/2&#8243; css=&#8221;.vc_custom_1479367825967{padding-left: 30px !important;}&#8221;]\n  <h3 style=\"font-weight: 300;margin-bottom: 36px;\" > \u0130LET\u0130\u015e\u0130M B\u0130LG\u0130LER\u0130<\/h3> \n\n[vc_column_text css=&#8221;.vc_custom_1736626277214{margin-bottom: 10px !important;}&#8221;]A\u015fa\u011f\u0131daki numaralardan bize ula\u015fabilir, konum bilgisi ile ofisimize gelebilirsiniz.[\/vc_column_text][vc_column_text css=&#8221;.vc_custom_1736626389605{margin-bottom: 10px !important;}&#8221;]<\/p>\n<ul class=\"address\">\n<li><i class=\"fa fa-home\"><\/i>\u00a0 \u0130ncirk\u00f6y Mah., K\u00f6y \u00d6n\u00fc Cad., 85C \u0130stanbul, Beykoz<\/li>\n<li><i class=\"fa fa-phone\"><\/i>\u00a0 0 542 498 34 86<\/li>\n<li><i class=\"fa fa-envelope-o\"><\/i>\u00a0 info@uclerdekorasyon.com<\/li>\n<li><i class=\"fa fa-clock-o\"><\/i>\u00a0\u00a0Pazartesi-Cumartesi 08:30 &#8211; 19:00<\/li>\n<\/ul>\n<p>[\/vc_column_text][\/vc_column][\/vc_row][vc_row fullwidth=&#8221;yes&#8221;][vc_column]\n  \t<div class=\"no-padding \">\n      <div id=\"map-canvas\" class=\"\"><\/div>\n    <\/div>\n\n    <script type=\"text\/javascript\">\n    \t  (function($) { \"use strict\";\n    \n    \/\/set your google maps parameters\n\n    $(document).ready(function(){\n        var latitude = 41.11620,\n            longitude = 29.10121,\n            map_zoom = 18;\n\n        var locations = [\n            ['<div class=\"infobox\"><span>Konumumuz<span><\/br><span>info@uclerdekorasyon.com<\/span><\/div>'\n\n            , latitude, longitude, 2]\n        ];\n    \n        var map = new google.maps.Map(document.getElementById('map-canvas'), {\n            zoom: map_zoom,\n            scrollwheel: false,\n            navigationControl: true,\n            mapTypeControl: false,\n            scaleControl: false,\n            draggable: true,\n            styles: [\n              {\n        \"featureType\": \"landscape\",\n        \"stylers\": [\n            {\n                \"saturation\": -100\n            },\n            {\n                \"lightness\": 65\n            },\n            {\n                \"visibility\": \"on\"\n            }\n        ]\n    },\n    {\n        \"featureType\": \"poi\",\n        \"stylers\": [\n            {\n                \"saturation\": -100\n            },\n            {\n                \"lightness\": 51\n            },\n            {\n                \"visibility\": \"simplified\"\n            }\n        ]\n    },\n    {\n        \"featureType\": \"road.highway\",\n        \"stylers\": [\n            {\n                \"saturation\": -100\n            },\n            {\n                \"visibility\": \"simplified\"\n            }\n        ]\n    },\n    {\n        \"featureType\": \"road.arterial\",\n        \"stylers\": [\n            {\n                \"saturation\": -100\n            },\n            {\n                \"lightness\": 30\n            },\n            {\n                \"visibility\": \"on\"\n            }\n        ]\n    },\n    {\n        \"featureType\": \"road.local\",\n        \"stylers\": [\n            {\n                \"saturation\": -100\n            },\n            {\n                \"lightness\": 40\n            },\n            {\n                \"visibility\": \"on\"\n            }\n        ]\n    },\n    {\n        \"featureType\": \"transit\",\n        \"stylers\": [\n            {\n                \"saturation\": -100\n            },\n            {\n                \"visibility\": \"simplified\"\n            }\n        ]\n    },\n    {\n        \"featureType\": \"administrative.province\",\n        \"stylers\": [\n            {\n                \"visibility\": \"off\"\n            }\n        ]\n    },\n    {\n        \"featureType\": \"water\",\n        \"elementType\": \"labels\",\n        \"stylers\": [\n            {\n                \"visibility\": \"on\"\n            },\n            {\n                \"lightness\": -25\n            },\n            {\n                \"saturation\": -100\n            }\n        ]\n    },\n    {\n        \"featureType\": \"water\",\n        \"elementType\": \"geometry\",\n        \"stylers\": [\n            {\n                \"hue\": \"#ffff00\"\n            },\n            {\n                \"lightness\": -25\n            },\n            {\n                \"saturation\": -97\n            }            ]\n        }\n        ],\n            center: new google.maps.LatLng(latitude, longitude),\n          mapTypeId: google.maps.MapTypeId.ROADMAP\n        });\n    \n        var infowindow = new google.maps.InfoWindow();\n    \n        var marker, i;\n    \n        for (i = 0; i < locations.length; i++) {  \n      \n            marker = new google.maps.Marker({ \n                position: new google.maps.LatLng(locations[i][1], locations[i][2]), \n                map: map,\n                icon: 'https:\/\/uclerdekorasyon.com\/wp-content\/uploads\/2016\/11\/cd-icon-location-1.png'\n            });\n        \n          google.maps.event.addListener(marker, 'click', (function(marker, i) {\n            return function() {\n              infowindow.setContent(locations[i][0]);\n              infowindow.open(map, marker);\n            }\n          })(marker, i));\n        }\n        \n    });\n\n})(jQuery); \n\n    <\/script>\n\n[\/vc_column][\/vc_row]<\/p>\n<\/div>","protected":false},"excerpt":{"rendered":"<p>[vc_row el_class=&#8221;padding&#8221;][vc_column width=&#8221;1\/2&#8243; css=&#8221;.vc_custom_1479367821216{padding-right: 30px !important;}&#8221;][\/vc_column][vc_column width=&#8221;1\/2&#8243; css=&#8221;.vc_custom_1479367825967{padding-left: 30px !important;}&#8221;][vc_column_text css=&#8221;.vc_custom_1736626277214{margin-bottom: 10px !important;}&#8221;]A\u015fa\u011f\u0131daki numaralardan bize ula\u015fabilir, konum bilgisi ile ofisimize gelebilirsiniz.[\/vc_column_text][vc_column_text css=&#8221;.vc_custom_1736626389605{margin-bottom: 10px !important;}&#8221;] \u00a0 \u0130ncirk\u00f6y Mah., K\u00f6y \u00d6n\u00fc Cad., 85C \u0130stanbul, Beykoz \u00a0 0 542 498 34 86 \u00a0 info@uclerdekorasyon.com \u00a0\u00a0Pazartesi-Cumartesi 08:30 &#8211; 19:00 [\/vc_column_text][\/vc_column][\/vc_row][vc_row fullwidth=&#8221;yes&#8221;][vc_column][\/vc_column][\/vc_row]<\/p>\n","protected":false},"author":1,"featured_media":0,"parent":0,"menu_order":0,"comment_status":"closed","ping_status":"closed","template":"page-templates\/template-fullwidth.php","meta":{"footnotes":""},"class_list":["post-439","page","type-page","status-publish","hentry"],"_links":{"self":[{"href":"https:\/\/uclerdekorasyon.com\/index.php\/wp-json\/wp\/v2\/pages\/439","targetHints":{"allow":["GET"]}}],"collection":[{"href":"https:\/\/uclerdekorasyon.com\/index.php\/wp-json\/wp\/v2\/pages"}],"about":[{"href":"https:\/\/uclerdekorasyon.com\/index.php\/wp-json\/wp\/v2\/types\/page"}],"author":[{"embeddable":true,"href":"https:\/\/uclerdekorasyon.com\/index.php\/wp-json\/wp\/v2\/users\/1"}],"replies":[{"embeddable":true,"href":"https:\/\/uclerdekorasyon.com\/index.php\/wp-json\/wp\/v2\/comments?post=439"}],"version-history":[{"count":4,"href":"https:\/\/uclerdekorasyon.com\/index.php\/wp-json\/wp\/v2\/pages\/439\/revisions"}],"predecessor-version":[{"id":1577,"href":"https:\/\/uclerdekorasyon.com\/index.php\/wp-json\/wp\/v2\/pages\/439\/revisions\/1577"}],"wp:attachment":[{"href":"https:\/\/uclerdekorasyon.com\/index.php\/wp-json\/wp\/v2\/media?parent=439"}],"curies":[{"name":"wp","href":"https:\/\/api.w.org\/{rel}","templated":true}]}}