{"id":368,"date":"2016-11-16T04:53:08","date_gmt":"2016-11-16T04:53:08","guid":{"rendered":"http:\/\/localhost\/architect\/?page_id=368"},"modified":"2025-01-11T21:11:48","modified_gmt":"2025-01-11T21:11:48","slug":"hizmetlerimiz","status":"publish","type":"page","link":"https:\/\/uclerdekorasyon.com\/index.php\/hizmetlerimiz\/","title":{"rendered":"Hizmetlerimiz"},"content":{"rendered":"<div class=\"wpb-content-wrapper\"><p>[vc_row css=&#8221;.vc_custom_1479724339056{margin-bottom: 30px !important;}&#8221; el_class=&#8221;padding padding-bottom-0&#8243;][vc_column css=&#8221;.vc_custom_1480563770294{padding-right: 0px !important;padding-left: 0px !important;}&#8221;]        <div class=\"row\">\n                <div class=\"col-md-3\">\n          <div class=\"block-img-full service-item\">\n            <a class=\"img-block\" href=\"https:\/\/uclerdekorasyon.com\/index.php\/services\/mutfak-dolabi\/\"><img loading=\"lazy\" decoding=\"async\" width=\"420\" height=\"239\" src=\"https:\/\/uclerdekorasyon.com\/wp-content\/uploads\/2025\/01\/UclerDekorasyon-Mutfak.jpg\" class=\"img-responsive wp-post-image\" alt=\"\" srcset=\"https:\/\/uclerdekorasyon.com\/wp-content\/uploads\/2025\/01\/UclerDekorasyon-Mutfak.jpg 420w, https:\/\/uclerdekorasyon.com\/wp-content\/uploads\/2025\/01\/UclerDekorasyon-Mutfak-300x171.jpg 300w\" sizes=\"auto, (max-width: 420px) 100vw, 420px\" \/><\/a>\n            <div class=\"text-box\">\n              <h4 class=\"text-cap\">Mutfak Dolab\u0131<\/h4>\n              <p>Kaliteli i\u015f\u00e7ilik ve uygun fiyatlarla mutfaklar\u0131n\u0131z\u0131 yeniden tasarl\u0131yoruz<\/p>\n                          <\/div>\n            \n          <\/div>\n        <\/div>\n                <div class=\"col-md-3\">\n          <div class=\"block-img-full service-item\">\n            <a class=\"img-block\" href=\"https:\/\/uclerdekorasyon.com\/index.php\/services\/laminat-parke\/\"><img loading=\"lazy\" decoding=\"async\" width=\"420\" height=\"242\" src=\"https:\/\/uclerdekorasyon.com\/wp-content\/uploads\/2025\/01\/UclerDekorasyon-Lmaminant.jpg\" class=\"img-responsive wp-post-image\" alt=\"\" srcset=\"https:\/\/uclerdekorasyon.com\/wp-content\/uploads\/2025\/01\/UclerDekorasyon-Lmaminant.jpg 420w, https:\/\/uclerdekorasyon.com\/wp-content\/uploads\/2025\/01\/UclerDekorasyon-Lmaminant-300x173.jpg 300w\" sizes=\"auto, (max-width: 420px) 100vw, 420px\" \/><\/a>\n            <div class=\"text-box\">\n              <h4 class=\"text-cap\">Laminat Parke<\/h4>\n              <p>Dayan\u0131kl\u0131 ve estetik laminat parke \u00e7\u00f6z\u00fcmleriyle hizmetinizdeyiz<\/p>\n                          <\/div>\n            \n          <\/div>\n        <\/div>\n                <div class=\"col-md-3\">\n          <div class=\"block-img-full service-item\">\n            <a class=\"img-block\" href=\"https:\/\/uclerdekorasyon.com\/index.php\/services\/boya\/\"><img loading=\"lazy\" decoding=\"async\" width=\"420\" height=\"239\" src=\"https:\/\/uclerdekorasyon.com\/wp-content\/uploads\/2025\/01\/UclerDekorasyon-boya.jpg\" class=\"img-responsive wp-post-image\" alt=\"\" srcset=\"https:\/\/uclerdekorasyon.com\/wp-content\/uploads\/2025\/01\/UclerDekorasyon-boya.jpg 420w, https:\/\/uclerdekorasyon.com\/wp-content\/uploads\/2025\/01\/UclerDekorasyon-boya-300x171.jpg 300w\" sizes=\"auto, (max-width: 420px) 100vw, 420px\" \/><\/a>\n            <div class=\"text-box\">\n              <h4 class=\"text-cap\">Boya<\/h4>\n              <p>Profesyonel boya hizmetlerimizle kaliteyi fark edin!<\/p>\n                          <\/div>\n            \n          <\/div>\n        <\/div>\n                <div class=\"col-md-3\">\n          <div class=\"block-img-full service-item\">\n            <a class=\"img-block\" href=\"https:\/\/uclerdekorasyon.com\/index.php\/services\/alci-siva\/\"><img loading=\"lazy\" decoding=\"async\" width=\"420\" height=\"240\" src=\"https:\/\/uclerdekorasyon.com\/wp-content\/uploads\/2025\/01\/Alci-Siva.jpeg\" class=\"img-responsive wp-post-image\" alt=\"\" srcset=\"https:\/\/uclerdekorasyon.com\/wp-content\/uploads\/2025\/01\/Alci-Siva.jpeg 420w, https:\/\/uclerdekorasyon.com\/wp-content\/uploads\/2025\/01\/Alci-Siva-300x171.jpeg 300w\" sizes=\"auto, (max-width: 420px) 100vw, 420px\" \/><\/a>\n            <div class=\"text-box\">\n              <h4 class=\"text-cap\">Al\u00e7\u0131 S\u0131va<\/h4>\n              <p>Uygun fiyatlar ve \u00fcst\u00fcn hizmet kalitesiyle yan\u0131n\u0131zday\u0131z<\/p>\n                          <\/div>\n            \n          <\/div>\n        <\/div>\n                <div class=\"col-md-3\">\n          <div class=\"block-img-full service-item\">\n            <a class=\"img-block\" href=\"https:\/\/uclerdekorasyon.com\/index.php\/services\/elektrik-isleri\/\"><img loading=\"lazy\" decoding=\"async\" width=\"420\" height=\"242\" src=\"https:\/\/uclerdekorasyon.com\/wp-content\/uploads\/2025\/01\/UclerDekorasyon-33.jpg\" class=\"img-responsive wp-post-image\" alt=\"\" srcset=\"https:\/\/uclerdekorasyon.com\/wp-content\/uploads\/2025\/01\/UclerDekorasyon-33.jpg 420w, https:\/\/uclerdekorasyon.com\/wp-content\/uploads\/2025\/01\/UclerDekorasyon-33-300x173.jpg 300w\" sizes=\"auto, (max-width: 420px) 100vw, 420px\" \/><\/a>\n            <div class=\"text-box\">\n              <h4 class=\"text-cap\">Elektrik \u0130\u015fleri<\/h4>\n              <p>Elektrik i\u015flerinizde g\u00fcvenilir bir \u00e7\u00f6z\u00fcm orta\u011f\u0131<\/p>\n                          <\/div>\n            \n          <\/div>\n        <\/div>\n                <div class=\"col-md-3\">\n          <div class=\"block-img-full service-item\">\n            <a class=\"img-block\" href=\"https:\/\/uclerdekorasyon.com\/index.php\/services\/gergi-tavan\/\"><img loading=\"lazy\" decoding=\"async\" width=\"420\" height=\"234\" src=\"https:\/\/uclerdekorasyon.com\/wp-content\/uploads\/2025\/01\/UclerDekorasyon-34-2.jpg\" class=\"img-responsive wp-post-image\" alt=\"\" srcset=\"https:\/\/uclerdekorasyon.com\/wp-content\/uploads\/2025\/01\/UclerDekorasyon-34-2.jpg 420w, https:\/\/uclerdekorasyon.com\/wp-content\/uploads\/2025\/01\/UclerDekorasyon-34-2-300x167.jpg 300w\" sizes=\"auto, (max-width: 420px) 100vw, 420px\" \/><\/a>\n            <div class=\"text-box\">\n              <h4 class=\"text-cap\">Gergi Tavan<\/h4>\n              <p>Profesyonel gergi tavan hizmetlerimizle hayalinizdeki g\u00f6r\u00fcn\u00fcm\u00fc ger\u00e7e\u011fe d\u00f6n\u00fc\u015ft\u00fcr\u00fcn<\/p>\n                          <\/div>\n            \n          <\/div>\n        <\/div>\n                <div class=\"col-md-3\">\n          <div class=\"block-img-full service-item\">\n            <a class=\"img-block\" href=\"https:\/\/uclerdekorasyon.com\/index.php\/services\/kartonpiyer\/\"><img loading=\"lazy\" decoding=\"async\" width=\"420\" height=\"236\" src=\"https:\/\/uclerdekorasyon.com\/wp-content\/uploads\/2016\/11\/UclerDekorasyon-Kartonpiyer.jpg\" class=\"img-responsive wp-post-image\" alt=\"\" srcset=\"https:\/\/uclerdekorasyon.com\/wp-content\/uploads\/2016\/11\/UclerDekorasyon-Kartonpiyer.jpg 420w, https:\/\/uclerdekorasyon.com\/wp-content\/uploads\/2016\/11\/UclerDekorasyon-Kartonpiyer-300x169.jpg 300w\" sizes=\"auto, (max-width: 420px) 100vw, 420px\" \/><\/a>\n            <div class=\"text-box\">\n              <h4 class=\"text-cap\">Kartonpiyer<\/h4>\n              <p>Beykoz\u2019da i\u00e7 mekanlar\u0131n\u0131za \u00f6zg\u00fcn bir g\u00f6r\u00fcn\u00fcm kazand\u0131rmak<\/p>\n                          <\/div>\n            \n          <\/div>\n        <\/div>\n                <div class=\"col-md-3\">\n          <div class=\"block-img-full service-item\">\n            <a class=\"img-block\" href=\"https:\/\/uclerdekorasyon.com\/index.php\/services\/asma-tavan\/\"><img loading=\"lazy\" decoding=\"async\" width=\"420\" height=\"236\" src=\"https:\/\/uclerdekorasyon.com\/wp-content\/uploads\/2016\/11\/UclerDekorasyon-Asma-tavan.jpg\" class=\"img-responsive wp-post-image\" alt=\"\" srcset=\"https:\/\/uclerdekorasyon.com\/wp-content\/uploads\/2016\/11\/UclerDekorasyon-Asma-tavan.jpg 420w, https:\/\/uclerdekorasyon.com\/wp-content\/uploads\/2016\/11\/UclerDekorasyon-Asma-tavan-300x169.jpg 300w\" sizes=\"auto, (max-width: 420px) 100vw, 420px\" \/><\/a>\n            <div class=\"text-box\">\n              <h4 class=\"text-cap\">Asma Tavan<\/h4>\n              <p>Asma tavan hizmetlerimizle \u015f\u0131kl\u0131\u011f\u0131 ve konforu bir araya getiriyoruz<\/p>\n                          <\/div>\n            \n          <\/div>\n        <\/div>\n                <div class=\"col-md-3\">\n          <div class=\"block-img-full service-item\">\n            <a class=\"img-block\" href=\"https:\/\/uclerdekorasyon.com\/index.php\/services\/alci-kemer\/\"><img loading=\"lazy\" decoding=\"async\" width=\"420\" height=\"240\" src=\"https:\/\/uclerdekorasyon.com\/wp-content\/uploads\/2016\/11\/UclerDekorasyon-.jpeg\" class=\"img-responsive wp-post-image\" alt=\"\" srcset=\"https:\/\/uclerdekorasyon.com\/wp-content\/uploads\/2016\/11\/UclerDekorasyon-.jpeg 420w, https:\/\/uclerdekorasyon.com\/wp-content\/uploads\/2016\/11\/UclerDekorasyon--300x171.jpeg 300w\" sizes=\"auto, (max-width: 420px) 100vw, 420px\" \/><\/a>\n            <div class=\"text-box\">\n              <h4 class=\"text-cap\">Al\u00e7\u0131 Kemer<\/h4>\n              <p>\u0130n\u015faat i\u015flerinde kalite, g\u00fcven ve profesyonellik ar\u0131yorsan\u0131z, do\u011fru adrestesiniz<\/p>\n                          <\/div>\n            \n          <\/div>\n        <\/div>\n                <div class=\"col-md-3\">\n          <div class=\"block-img-full service-item\">\n            <a class=\"img-block\" href=\"https:\/\/uclerdekorasyon.com\/index.php\/services\/alci-isik-bandi\/\"><img loading=\"lazy\" decoding=\"async\" width=\"420\" height=\"240\" src=\"https:\/\/uclerdekorasyon.com\/wp-content\/uploads\/2016\/11\/UclerDekorasyon-Alci-isik-bandi.jpg\" class=\"img-responsive wp-post-image\" alt=\"\" srcset=\"https:\/\/uclerdekorasyon.com\/wp-content\/uploads\/2016\/11\/UclerDekorasyon-Alci-isik-bandi.jpg 420w, https:\/\/uclerdekorasyon.com\/wp-content\/uploads\/2016\/11\/UclerDekorasyon-Alci-isik-bandi-300x171.jpg 300w\" sizes=\"auto, (max-width: 420px) 100vw, 420px\" \/><\/a>\n            <div class=\"text-box\">\n              <h4 class=\"text-cap\">Al\u00e7\u0131 I\u015f\u0131k Band\u0131<\/h4>\n              <p> Al\u00e7\u0131 \u0131\u015f\u0131k band\u0131 uygulamalar\u0131 ile mekanlar\u0131n\u0131za zarif ve modern bir hava kat\u0131n<\/p>\n                          <\/div>\n            \n          <\/div>\n        <\/div>\n              <\/div>\n    [\/vc_column][\/vc_row][vc_row fullwidth=&#8221;yes&#8221; overlay=&#8221;true&#8221; bgcolor=&#8221;rgba(235,205,30,0.9)&#8221; el_class=&#8221;overlay-arc&#8221; css=&#8221;.vc_custom_1481103231432{padding-top: 120px !important;padding-bottom: 120px !important;background-image: url(http:\/\/uclerdekorasyon.com\/wp-content\/uploads\/2016\/11\/3-17.jpg?id=1034) !important;}&#8221;][vc_column][vc_column_text css=&#8221;.vc_custom_1736629516643{margin-bottom: 10px !important;}&#8221;]<\/p>\n<h2 class=\"secovl\"><strong>\u201cYarat\u0131c\u0131 \u0130\u00e7 Tasar\u0131m ve Mimari \u00c7\u00f6z\u00fcmlerle, Mekan\u0131n\u0131z\u0131 \u00d6zel Hale Getiriyoruz\u201d<\/strong><\/h2>\n<p>[\/vc_column_text][\/vc_column][vc_column css=&#8221;.vc_custom_1481103735772{margin-top: 40px !important;}&#8221;]\n    <div class=\"text-center\">  <a href=\"http:\/\/uclerdekorasyon.com\/index.php\/iletisim\/\" class=\"ot-btn default-size-btn btn-dark-color \">B\u0130Z\u0130MLE \u0130LET\u0130\u015e\u0130ME GE\u00c7\u0130N<\/a>\n  <\/div>  [\/vc_column][\/vc_row][vc_row el_class=&#8221;padding&#8221; css=&#8221;.vc_custom_1479877366764{padding-bottom: 30px !important;}&#8221;][vc_column css=&#8221;.vc_custom_1479272289170{margin-bottom: 25px !important;}&#8221;]\n  <h2 style=\"text-align: center;font-weight: 300;\" > S\u0130ZE NASIL YARDIMCI OLUYORUZ?<\/h2> \n\n    <div class=\"divider divider-1\" >\n      <svg class=\"svg-triangle-icon-container\">\n        <polygon class=\"svg-triangle-icon\" points=\"6 11,12 0,0 0\"><\/polygon>\n      <\/svg>\n    <\/div>\n[\/vc_column][vc_column width=&#8221;1\/2&#8243;]    <article class=\"media-style left-icon-item\">\n        <div class=\"media\">\n           <div class=\"media-left\">\n              <i class=\"fas fa-ruler-combined\" aria-hidden=\"true\"><\/i>\n           <\/div>\n           <div class=\"media-body\">\n              <h4 class=\"\">PLANLAMA<\/h4>\n              <p>Uzman ekibimiz ile in\u015faat veya tadilat s\u00fcre\u00e7lerinizi planl\u0131yoruz<\/p>\n           <\/div>\n        <\/div>\n    <\/article>\n[\/vc_column][vc_column width=&#8221;1\/2&#8243;]    <article class=\"media-style left-icon-item\">\n        <div class=\"media\">\n           <div class=\"media-left\">\n              <i class=\"fas fa-history\" aria-hidden=\"true\"><\/i>\n           <\/div>\n           <div class=\"media-body\">\n              <h4 class=\"\">ZAMANLAMA<\/h4>\n              <p>Planlama sonras\u0131 t\u00fcm s\u00fcre\u00e7ler zaman\u0131nda ve eksiksiz yerine getirilmekte<\/p>\n           <\/div>\n        <\/div>\n    <\/article>\n[\/vc_column][vc_column width=&#8221;1\/2&#8243;]    <article class=\"media-style left-icon-item\">\n        <div class=\"media\">\n           <div class=\"media-left\">\n              <i class=\"\" aria-hidden=\"true\"><\/i>\n           <\/div>\n           <div class=\"media-body\">\n              <h4 class=\"\">TASARRUF<\/h4>\n              <p>D\u00fczg\u00fcn planlama sonras\u0131 minimum \u00f6deme ile y\u00fcksek verimlilik<\/p>\n           <\/div>\n        <\/div>\n    <\/article>\n[\/vc_column][vc_column width=&#8221;1\/2&#8243;]    <article class=\"media-style left-icon-item\">\n        <div class=\"media\">\n           <div class=\"media-left\">\n              <i class=\"fas fa-question-circle\" aria-hidden=\"true\"><\/i>\n           <\/div>\n           <div class=\"media-body\">\n              <h4 class=\"\">M\u00dc\u015eTER\u0130 MEMNUN\u0130YET\u0130<\/h4>\n              <p>T\u00fcm s\u00fcre\u00e7ler boyunca sizlere t\u00fcm s\u00fcre\u00e7leri \u015feffaf bi\u00e7imde aktar\u0131yoruz<\/p>\n           <\/div>\n        <\/div>\n    <\/article>\n[\/vc_column][\/vc_row]<\/p>\n<\/div>","protected":false},"excerpt":{"rendered":"<p>[vc_row css=&#8221;.vc_custom_1479724339056{margin-bottom: 30px !important;}&#8221; el_class=&#8221;padding padding-bottom-0&#8243;][vc_column css=&#8221;.vc_custom_1480563770294{padding-right: 0px !important;padding-left: 0px !important;}&#8221;][\/vc_column][\/vc_row][vc_row fullwidth=&#8221;yes&#8221; overlay=&#8221;true&#8221; bgcolor=&#8221;rgba(235,205,30,0.9)&#8221; el_class=&#8221;overlay-arc&#8221; css=&#8221;.vc_custom_1481103231432{padding-top: 120px !important;padding-bottom: 120px !important;background-image: url(http:\/\/uclerdekorasyon.com\/wp-content\/uploads\/2016\/11\/3-17.jpg?id=1034) !important;}&#8221;][vc_column][vc_column_text css=&#8221;.vc_custom_1736629516643{margin-bottom: 10px !important;}&#8221;] \u201cYarat\u0131c\u0131 \u0130\u00e7 Tasar\u0131m ve Mimari \u00c7\u00f6z\u00fcmlerle, Mekan\u0131n\u0131z\u0131 \u00d6zel Hale Getiriyoruz\u201d [\/vc_column_text][\/vc_column][vc_column css=&#8221;.vc_custom_1481103735772{margin-top: 40px !important;}&#8221;][\/vc_column][\/vc_row][vc_row el_class=&#8221;padding&#8221; css=&#8221;.vc_custom_1479877366764{padding-bottom: 30px !important;}&#8221;][vc_column css=&#8221;.vc_custom_1479272289170{margin-bottom: 25px !important;}&#8221;][\/vc_column][vc_column width=&#8221;1\/2&#8243;][\/vc_column][vc_column width=&#8221;1\/2&#8243;][\/vc_column][vc_column width=&#8221;1\/2&#8243;][\/vc_column][vc_column width=&#8221;1\/2&#8243;][\/vc_column][\/vc_row]<\/p>\n","protected":false},"author":1,"featured_media":0,"parent":0,"menu_order":0,"comment_status":"closed","ping_status":"closed","template":"page-templates\/template-fullwidth.php","meta":{"footnotes":""},"class_list":["post-368","page","type-page","status-publish","hentry"],"_links":{"self":[{"href":"https:\/\/uclerdekorasyon.com\/index.php\/wp-json\/wp\/v2\/pages\/368","targetHints":{"allow":["GET"]}}],"collection":[{"href":"https:\/\/uclerdekorasyon.com\/index.php\/wp-json\/wp\/v2\/pages"}],"about":[{"href":"https:\/\/uclerdekorasyon.com\/index.php\/wp-json\/wp\/v2\/types\/page"}],"author":[{"embeddable":true,"href":"https:\/\/uclerdekorasyon.com\/index.php\/wp-json\/wp\/v2\/users\/1"}],"replies":[{"embeddable":true,"href":"https:\/\/uclerdekorasyon.com\/index.php\/wp-json\/wp\/v2\/comments?post=368"}],"version-history":[{"count":7,"href":"https:\/\/uclerdekorasyon.com\/index.php\/wp-json\/wp\/v2\/pages\/368\/revisions"}],"predecessor-version":[{"id":1580,"href":"https:\/\/uclerdekorasyon.com\/index.php\/wp-json\/wp\/v2\/pages\/368\/revisions\/1580"}],"wp:attachment":[{"href":"https:\/\/uclerdekorasyon.com\/index.php\/wp-json\/wp\/v2\/media?parent=368"}],"curies":[{"name":"wp","href":"https:\/\/api.w.org\/{rel}","templated":true}]}}